{"id":6,"date":"2022-05-18T20:15:44","date_gmt":"2022-05-18T18:15:44","guid":{"rendered":"http:\/\/triax-dz.com\/?page_id=6"},"modified":"2022-07-02T21:10:53","modified_gmt":"2022-07-02T19:10:53","slug":"pieces_outils","status":"publish","type":"page","link":"https:\/\/triax-dz.com\/index.php\/pieces_outils\/","title":{"rendered":"Pi\u00e8ces &#038; Outils"},"content":{"rendered":"\t\t<div data-elementor-type=\"wp-page\" data-elementor-id=\"6\" class=\"elementor elementor-6\">\n\t\t\t\t\t\t\t\t\t<section class=\"elementor-section elementor-top-section elementor-element elementor-element-cb5492f elementor-section-boxed elementor-section-height-default elementor-section-height-default\" data-id=\"cb5492f\" data-element_type=\"section\">\n\t\t\t\t\t\t<div class=\"elementor-container elementor-column-gap-default\">\n\t\t\t\t\t<div class=\"elementor-column elementor-col-100 elementor-top-column elementor-element elementor-element-d6cd9ff\" data-id=\"d6cd9ff\" data-element_type=\"column\">\n\t\t\t<div class=\"elementor-widget-wrap elementor-element-populated\">\n\t\t\t\t\t\t\t\t<div class=\"elementor-element elementor-element-a654d4a elementor-widget elementor-widget-heading\" data-id=\"a654d4a\" data-element_type=\"widget\" data-widget_type=\"heading.default\">\n\t\t\t\t<div class=\"elementor-widget-container\">\n\t\t\t<style>\/*! elementor - v3.6.6 - 08-06-2022 *\/\n.elementor-heading-title{padding:0;margin:0;line-height:1}.elementor-widget-heading .elementor-heading-title[class*=elementor-size-]>a{color:inherit;font-size:inherit;line-height:inherit}.elementor-widget-heading .elementor-heading-title.elementor-size-small{font-size:15px}.elementor-widget-heading .elementor-heading-title.elementor-size-medium{font-size:19px}.elementor-widget-heading .elementor-heading-title.elementor-size-large{font-size:29px}.elementor-widget-heading .elementor-heading-title.elementor-size-xl{font-size:39px}.elementor-widget-heading .elementor-heading-title.elementor-size-xxl{font-size:59px}<\/style><h3 class=\"elementor-heading-title elementor-size-large\">Outils de color management et contr\u00f4le qualit\u00e9 des imprim\u00e9s<\/h3>\t\t<\/div>\n\t\t\t\t<\/div>\n\t\t\t\t\t<\/div>\n\t\t<\/div>\n\t\t\t\t\t\t\t<\/div>\n\t\t<\/section>\n\t\t\t\t<section class=\"elementor-section elementor-top-section elementor-element elementor-element-d1a5007 elementor-section-boxed elementor-section-height-default elementor-section-height-default\" data-id=\"d1a5007\" data-element_type=\"section\">\n\t\t\t\t\t\t<div class=\"elementor-container elementor-column-gap-default\">\n\t\t\t\t\t<div class=\"elementor-column elementor-col-33 elementor-top-column elementor-element elementor-element-613a302\" data-id=\"613a302\" data-element_type=\"column\">\n\t\t\t<div class=\"elementor-widget-wrap elementor-element-populated\">\n\t\t\t\t\t\t\t\t<div class=\"elementor-element elementor-element-cebc6eb elementor-widget elementor-widget-image\" data-id=\"cebc6eb\" data-element_type=\"widget\" data-widget_type=\"image.default\">\n\t\t\t\t<div class=\"elementor-widget-container\">\n\t\t\t<style>\/*! elementor - v3.6.6 - 08-06-2022 *\/\n.elementor-widget-image{text-align:center}.elementor-widget-image a{display:inline-block}.elementor-widget-image a img[src$=\".svg\"]{width:48px}.elementor-widget-image img{vertical-align:middle;display:inline-block}<\/style>\t\t\t\t\t\t\t\t\t<figure class=\"wp-caption\">\n\t\t\t\t\t\t\t\t\t\t<img width=\"300\" height=\"300\" src=\"https:\/\/triax-dz.com\/wp-content\/uploads\/2022\/05\/P5000-300x300.jpg\" class=\"attachment-medium size-medium\" alt=\"\" loading=\"lazy\" srcset=\"https:\/\/triax-dz.com\/wp-content\/uploads\/2022\/05\/P5000-300x300.jpg 300w, https:\/\/triax-dz.com\/wp-content\/uploads\/2022\/05\/P5000-150x150.jpg 150w, https:\/\/triax-dz.com\/wp-content\/uploads\/2022\/05\/P5000-768x768.jpg 768w, https:\/\/triax-dz.com\/wp-content\/uploads\/2022\/05\/P5000.jpg 809w\" sizes=\"(max-width: 300px) 100vw, 300px\" \/>\t\t\t\t\t\t\t\t\t\t\t<figcaption class=\"widget-image-caption wp-caption-text\">Syst\u00e8me d'\u00e9preuvage avec une pr\u00e9cision de 99 % du nuancier PANTONE couch\u00e9<\/figcaption>\n\t\t\t\t\t\t\t\t\t\t<\/figure>\n\t\t\t\t\t\t\t\t\t<\/div>\n\t\t\t\t<\/div>\n\t\t\t\t\t<\/div>\n\t\t<\/div>\n\t\t\t\t<div class=\"elementor-column elementor-col-33 elementor-top-column elementor-element elementor-element-07b47d6\" data-id=\"07b47d6\" data-element_type=\"column\">\n\t\t\t<div class=\"elementor-widget-wrap elementor-element-populated\">\n\t\t\t\t\t\t\t\t<div class=\"elementor-element elementor-element-e3a1ac7 elementor-widget elementor-widget-image\" data-id=\"e3a1ac7\" data-element_type=\"widget\" data-widget_type=\"image.default\">\n\t\t\t\t<div class=\"elementor-widget-container\">\n\t\t\t\t\t\t\t\t\t\t\t\t<figure class=\"wp-caption\">\n\t\t\t\t\t\t\t\t\t\t<img width=\"300\" height=\"300\" src=\"https:\/\/triax-dz.com\/wp-content\/uploads\/2022\/05\/i1photo-pro-2_01-300x300.png\" class=\"attachment-medium size-medium\" alt=\"\" loading=\"lazy\" srcset=\"https:\/\/triax-dz.com\/wp-content\/uploads\/2022\/05\/i1photo-pro-2_01-300x300.png 300w, https:\/\/triax-dz.com\/wp-content\/uploads\/2022\/05\/i1photo-pro-2_01-150x150.png 150w, https:\/\/triax-dz.com\/wp-content\/uploads\/2022\/05\/i1photo-pro-2_01.png 515w\" sizes=\"(max-width: 300px) 100vw, 300px\" \/>\t\t\t\t\t\t\t\t\t\t\t<figcaption class=\"widget-image-caption wp-caption-text\">Outils pour la calibration des \u00e9crans et des imprimantes<\/figcaption>\n\t\t\t\t\t\t\t\t\t\t<\/figure>\n\t\t\t\t\t\t\t\t\t<\/div>\n\t\t\t\t<\/div>\n\t\t\t\t\t<\/div>\n\t\t<\/div>\n\t\t\t\t<div class=\"elementor-column elementor-col-33 elementor-top-column elementor-element elementor-element-3b427ab\" data-id=\"3b427ab\" data-element_type=\"column\">\n\t\t\t<div class=\"elementor-widget-wrap elementor-element-populated\">\n\t\t\t\t\t\t\t\t<div class=\"elementor-element elementor-element-29363ca elementor-widget elementor-widget-image\" data-id=\"29363ca\" data-element_type=\"widget\" data-widget_type=\"image.default\">\n\t\t\t\t<div class=\"elementor-widget-container\">\n\t\t\t\t\t\t\t\t\t\t\t\t<figure class=\"wp-caption\">\n\t\t\t\t\t\t\t\t\t\t<img width=\"300\" height=\"300\" src=\"https:\/\/triax-dz.com\/wp-content\/uploads\/2022\/05\/exact-XP-300x300.png\" class=\"attachment-medium size-medium\" alt=\"\" loading=\"lazy\" srcset=\"https:\/\/triax-dz.com\/wp-content\/uploads\/2022\/05\/exact-XP-300x300.png 300w, https:\/\/triax-dz.com\/wp-content\/uploads\/2022\/05\/exact-XP-150x150.png 150w, https:\/\/triax-dz.com\/wp-content\/uploads\/2022\/05\/exact-XP.png 389w\" sizes=\"(max-width: 300px) 100vw, 300px\" \/>\t\t\t\t\t\t\t\t\t\t\t<figcaption class=\"widget-image-caption wp-caption-text\">Spectrodensitom\u00e8tre pour le contr\u00f4le des imprim\u00e9s<\/figcaption>\n\t\t\t\t\t\t\t\t\t\t<\/figure>\n\t\t\t\t\t\t\t\t\t<\/div>\n\t\t\t\t<\/div>\n\t\t\t\t\t<\/div>\n\t\t<\/div>\n\t\t\t\t\t\t\t<\/div>\n\t\t<\/section>\n\t\t\t\t<section class=\"elementor-section elementor-top-section elementor-element elementor-element-b8bab39 elementor-section-boxed elementor-section-height-default elementor-section-height-default\" data-id=\"b8bab39\" data-element_type=\"section\">\n\t\t\t\t\t\t<div class=\"elementor-container elementor-column-gap-default\">\n\t\t\t\t\t<div class=\"elementor-column elementor-col-33 elementor-top-column elementor-element elementor-element-78a4dbe\" data-id=\"78a4dbe\" data-element_type=\"column\">\n\t\t\t<div class=\"elementor-widget-wrap elementor-element-populated\">\n\t\t\t\t\t\t\t\t<div class=\"elementor-element elementor-element-2cd0a90 elementor-widget elementor-widget-image\" data-id=\"2cd0a90\" data-element_type=\"widget\" data-widget_type=\"image.default\">\n\t\t\t\t<div class=\"elementor-widget-container\">\n\t\t\t\t\t\t\t\t\t\t\t\t<figure class=\"wp-caption\">\n\t\t\t\t\t\t\t\t\t\t<img width=\"300\" height=\"300\" src=\"https:\/\/triax-dz.com\/wp-content\/uploads\/2022\/05\/Judge-300x300.png\" class=\"attachment-medium size-medium\" alt=\"\" loading=\"lazy\" srcset=\"https:\/\/triax-dz.com\/wp-content\/uploads\/2022\/05\/Judge-300x300.png 300w, https:\/\/triax-dz.com\/wp-content\/uploads\/2022\/05\/Judge-150x150.png 150w, https:\/\/triax-dz.com\/wp-content\/uploads\/2022\/05\/Judge.png 684w\" sizes=\"(max-width: 300px) 100vw, 300px\" \/>\t\t\t\t\t\t\t\t\t\t\t<figcaption class=\"widget-image-caption wp-caption-text\">Cabine lumi\u00e8re pour le contr\u00f4le de la couleur en \u00e9clairage normalis\u00e9<\/figcaption>\n\t\t\t\t\t\t\t\t\t\t<\/figure>\n\t\t\t\t\t\t\t\t\t<\/div>\n\t\t\t\t<\/div>\n\t\t\t\t\t<\/div>\n\t\t<\/div>\n\t\t\t\t<div class=\"elementor-column elementor-col-33 elementor-top-column elementor-element elementor-element-9bfbbab\" data-id=\"9bfbbab\" data-element_type=\"column\">\n\t\t\t<div class=\"elementor-widget-wrap elementor-element-populated\">\n\t\t\t\t\t\t\t\t<div class=\"elementor-element elementor-element-2039976 elementor-widget elementor-widget-image\" data-id=\"2039976\" data-element_type=\"widget\" data-widget_type=\"image.default\">\n\t\t\t\t<div class=\"elementor-widget-container\">\n\t\t\t\t\t\t\t\t\t\t\t\t<figure class=\"wp-caption\">\n\t\t\t\t\t\t\t\t\t\t<img width=\"300\" height=\"300\" src=\"https:\/\/triax-dz.com\/wp-content\/uploads\/2022\/05\/ColorCert-300x300.png\" class=\"attachment-medium size-medium\" alt=\"\" loading=\"lazy\" srcset=\"https:\/\/triax-dz.com\/wp-content\/uploads\/2022\/05\/ColorCert-300x300.png 300w, https:\/\/triax-dz.com\/wp-content\/uploads\/2022\/05\/ColorCert-150x150.png 150w, https:\/\/triax-dz.com\/wp-content\/uploads\/2022\/05\/ColorCert.png 350w\" sizes=\"(max-width: 300px) 100vw, 300px\" \/>\t\t\t\t\t\t\t\t\t\t\t<figcaption class=\"widget-image-caption wp-caption-text\">Logiciel de contr\u00f4le des processus pour les flux de production de l\u2019emballage<\/figcaption>\n\t\t\t\t\t\t\t\t\t\t<\/figure>\n\t\t\t\t\t\t\t\t\t<\/div>\n\t\t\t\t<\/div>\n\t\t\t\t\t<\/div>\n\t\t<\/div>\n\t\t\t\t<div class=\"elementor-column elementor-col-33 elementor-top-column elementor-element elementor-element-d8e5b87\" data-id=\"d8e5b87\" data-element_type=\"column\">\n\t\t\t<div class=\"elementor-widget-wrap elementor-element-populated\">\n\t\t\t\t\t\t\t\t<div class=\"elementor-element elementor-element-f2b16fa elementor-widget elementor-widget-image\" data-id=\"f2b16fa\" data-element_type=\"widget\" data-widget_type=\"image.default\">\n\t\t\t\t<div class=\"elementor-widget-container\">\n\t\t\t\t\t\t\t\t\t\t\t\t<figure class=\"wp-caption\">\n\t\t\t\t\t\t\t\t\t\t<img width=\"300\" height=\"300\" src=\"https:\/\/triax-dz.com\/wp-content\/uploads\/2022\/05\/Pantone-300x300.png\" class=\"attachment-medium size-medium\" alt=\"\" loading=\"lazy\" srcset=\"https:\/\/triax-dz.com\/wp-content\/uploads\/2022\/05\/Pantone-300x300.png 300w, https:\/\/triax-dz.com\/wp-content\/uploads\/2022\/05\/Pantone-1024x1024.png 1024w, https:\/\/triax-dz.com\/wp-content\/uploads\/2022\/05\/Pantone-150x150.png 150w, https:\/\/triax-dz.com\/wp-content\/uploads\/2022\/05\/Pantone-768x768.png 768w, https:\/\/triax-dz.com\/wp-content\/uploads\/2022\/05\/Pantone.png 1376w\" sizes=\"(max-width: 300px) 100vw, 300px\" \/>\t\t\t\t\t\t\t\t\t\t\t<figcaption class=\"widget-image-caption wp-caption-text\">Guide Pantone pour papiers couch\u00e9s et non couch\u00e9s<\/figcaption>\n\t\t\t\t\t\t\t\t\t\t<\/figure>\n\t\t\t\t\t\t\t\t\t<\/div>\n\t\t\t\t<\/div>\n\t\t\t\t\t<\/div>\n\t\t<\/div>\n\t\t\t\t\t\t\t<\/div>\n\t\t<\/section>\n\t\t\t\t<section class=\"elementor-section elementor-top-section elementor-element elementor-element-1f14758 elementor-section-boxed elementor-section-height-default elementor-section-height-default\" data-id=\"1f14758\" data-element_type=\"section\">\n\t\t\t\t\t\t<div class=\"elementor-container elementor-column-gap-default\">\n\t\t\t\t\t<div class=\"elementor-column elementor-col-33 elementor-top-column elementor-element elementor-element-68d9f50\" data-id=\"68d9f50\" data-element_type=\"column\">\n\t\t\t<div class=\"elementor-widget-wrap elementor-element-populated\">\n\t\t\t\t\t\t\t\t<div class=\"elementor-element elementor-element-04440e7 elementor-widget elementor-widget-image\" data-id=\"04440e7\" data-element_type=\"widget\" data-widget_type=\"image.default\">\n\t\t\t\t<div class=\"elementor-widget-container\">\n\t\t\t\t\t\t\t\t\t\t\t\t<figure class=\"wp-caption\">\n\t\t\t\t\t\t\t\t\t\t<img width=\"300\" height=\"300\" src=\"https:\/\/triax-dz.com\/wp-content\/uploads\/2022\/05\/Ecran-EIZO-300x300.jpg\" class=\"attachment-medium size-medium\" alt=\"\" loading=\"lazy\" srcset=\"https:\/\/triax-dz.com\/wp-content\/uploads\/2022\/05\/Ecran-EIZO-300x300.jpg 300w, https:\/\/triax-dz.com\/wp-content\/uploads\/2022\/05\/Ecran-EIZO-150x150.jpg 150w, https:\/\/triax-dz.com\/wp-content\/uploads\/2022\/05\/Ecran-EIZO-768x768.jpg 768w, https:\/\/triax-dz.com\/wp-content\/uploads\/2022\/05\/Ecran-EIZO.jpg 805w\" sizes=\"(max-width: 300px) 100vw, 300px\" \/>\t\t\t\t\t\t\t\t\t\t\t<figcaption class=\"widget-image-caption wp-caption-text\">\u00c9crans calibrables et certifiables pour la visualisation pr\u00e9cise des couleurs<\/figcaption>\n\t\t\t\t\t\t\t\t\t\t<\/figure>\n\t\t\t\t\t\t\t\t\t<\/div>\n\t\t\t\t<\/div>\n\t\t\t\t\t<\/div>\n\t\t<\/div>\n\t\t\t\t<div class=\"elementor-column elementor-col-33 elementor-top-column elementor-element elementor-element-7c94741\" data-id=\"7c94741\" data-element_type=\"column\">\n\t\t\t<div class=\"elementor-widget-wrap elementor-element-populated\">\n\t\t\t\t\t\t\t\t<div class=\"elementor-element elementor-element-85f3e15 elementor-widget elementor-widget-image\" data-id=\"85f3e15\" data-element_type=\"widget\" data-widget_type=\"image.default\">\n\t\t\t\t<div class=\"elementor-widget-container\">\n\t\t\t\t\t\t\t\t\t\t\t\t<figure class=\"wp-caption\">\n\t\t\t\t\t\t\t\t\t\t<img width=\"300\" height=\"300\" src=\"https:\/\/triax-dz.com\/wp-content\/uploads\/2022\/05\/EO2AST_250-300x300.png\" class=\"attachment-medium size-medium\" alt=\"\" loading=\"lazy\" srcset=\"https:\/\/triax-dz.com\/wp-content\/uploads\/2022\/05\/EO2AST_250-300x300.png 300w, https:\/\/triax-dz.com\/wp-content\/uploads\/2022\/05\/EO2AST_250-150x150.png 150w, https:\/\/triax-dz.com\/wp-content\/uploads\/2022\/05\/EO2AST_250.png 640w\" sizes=\"(max-width: 300px) 100vw, 300px\" \/>\t\t\t\t\t\t\t\t\t\t\t<figcaption class=\"widget-image-caption wp-caption-text\">Robo pour la mesure des patchs couleur et la cr\u00e9ation des profils ICC<\/figcaption>\n\t\t\t\t\t\t\t\t\t\t<\/figure>\n\t\t\t\t\t\t\t\t\t<\/div>\n\t\t\t\t<\/div>\n\t\t\t\t\t<\/div>\n\t\t<\/div>\n\t\t\t\t<div class=\"elementor-column elementor-col-33 elementor-top-column elementor-element elementor-element-4e59d2b\" data-id=\"4e59d2b\" data-element_type=\"column\">\n\t\t\t<div class=\"elementor-widget-wrap elementor-element-populated\">\n\t\t\t\t\t\t\t\t<div class=\"elementor-element elementor-element-bc2a255 elementor-widget elementor-widget-image\" data-id=\"bc2a255\" data-element_type=\"widget\" data-widget_type=\"image.default\">\n\t\t\t\t<div class=\"elementor-widget-container\">\n\t\t\t\t\t\t\t\t\t\t\t\t<figure class=\"wp-caption\">\n\t\t\t\t\t\t\t\t\t\t<img width=\"300\" height=\"300\" src=\"https:\/\/triax-dz.com\/wp-content\/uploads\/2022\/05\/loupe-compte-fils-8x-300x300.jpg\" class=\"attachment-medium size-medium\" alt=\"\" loading=\"lazy\" srcset=\"https:\/\/triax-dz.com\/wp-content\/uploads\/2022\/05\/loupe-compte-fils-8x-300x300.jpg 300w, https:\/\/triax-dz.com\/wp-content\/uploads\/2022\/05\/loupe-compte-fils-8x-1024x1024.jpg 1024w, https:\/\/triax-dz.com\/wp-content\/uploads\/2022\/05\/loupe-compte-fils-8x-150x150.jpg 150w, https:\/\/triax-dz.com\/wp-content\/uploads\/2022\/05\/loupe-compte-fils-8x-768x768.jpg 768w, https:\/\/triax-dz.com\/wp-content\/uploads\/2022\/05\/loupe-compte-fils-8x-1536x1536.jpg 1536w, https:\/\/triax-dz.com\/wp-content\/uploads\/2022\/05\/loupe-compte-fils-8x.jpg 1633w\" sizes=\"(max-width: 300px) 100vw, 300px\" \/>\t\t\t\t\t\t\t\t\t\t\t<figcaption class=\"widget-image-caption wp-caption-text\">Compte fils et microscope digital pour le contr\u00f4le agrandi des imprim\u00e9s<\/figcaption>\n\t\t\t\t\t\t\t\t\t\t<\/figure>\n\t\t\t\t\t\t\t\t\t<\/div>\n\t\t\t\t<\/div>\n\t\t\t\t\t<\/div>\n\t\t<\/div>\n\t\t\t\t\t\t\t<\/div>\n\t\t<\/section>\n\t\t\t\t<section class=\"elementor-section elementor-top-section elementor-element elementor-element-01c9e1a elementor-section-boxed elementor-section-height-default elementor-section-height-default\" data-id=\"01c9e1a\" data-element_type=\"section\">\n\t\t\t\t\t\t<div class=\"elementor-container elementor-column-gap-default\">\n\t\t\t\t\t<div class=\"elementor-column elementor-col-100 elementor-top-column elementor-element elementor-element-ed0eba4\" data-id=\"ed0eba4\" data-element_type=\"column\">\n\t\t\t<div class=\"elementor-widget-wrap elementor-element-populated\">\n\t\t\t\t\t\t\t\t<div class=\"elementor-element elementor-element-20c4b79 elementor-widget elementor-widget-spacer\" data-id=\"20c4b79\" data-element_type=\"widget\" data-widget_type=\"spacer.default\">\n\t\t\t\t<div class=\"elementor-widget-container\">\n\t\t\t<style>\/*! elementor - v3.6.6 - 08-06-2022 *\/\n.e-container.e-container--row .elementor-spacer-inner{width:var(--spacer-size)}.e-container.e-container--column .elementor-spacer-inner,.elementor-column .elementor-spacer-inner{height:var(--spacer-size)}<\/style>\t\t<div class=\"elementor-spacer\">\n\t\t\t<div class=\"elementor-spacer-inner\"><\/div>\n\t\t<\/div>\n\t\t\t\t<\/div>\n\t\t\t\t<\/div>\n\t\t\t\t\t<\/div>\n\t\t<\/div>\n\t\t\t\t\t\t\t<\/div>\n\t\t<\/section>\n\t\t\t\t<section class=\"elementor-section elementor-top-section elementor-element elementor-element-b0a7583 elementor-section-boxed elementor-section-height-default elementor-section-height-default\" data-id=\"b0a7583\" data-element_type=\"section\">\n\t\t\t\t\t\t<div class=\"elementor-container elementor-column-gap-default\">\n\t\t\t\t\t<div class=\"elementor-column elementor-col-33 elementor-top-column elementor-element elementor-element-a7f7b54\" data-id=\"a7f7b54\" data-element_type=\"column\">\n\t\t\t<div class=\"elementor-widget-wrap elementor-element-populated\">\n\t\t\t\t\t\t\t\t<div class=\"elementor-element elementor-element-91eeec0 elementor-widget elementor-widget-image\" data-id=\"91eeec0\" data-element_type=\"widget\" data-widget_type=\"image.default\">\n\t\t\t\t<div class=\"elementor-widget-container\">\n\t\t\t\t\t\t\t\t\t\t\t\t<figure class=\"wp-caption\">\n\t\t\t\t\t\t\t\t\t\t<img width=\"300\" height=\"300\" src=\"https:\/\/triax-dz.com\/wp-content\/uploads\/2022\/05\/visocosity-300x300.png\" class=\"attachment-medium size-medium\" alt=\"\" loading=\"lazy\" srcset=\"https:\/\/triax-dz.com\/wp-content\/uploads\/2022\/05\/visocosity-300x300.png 300w, https:\/\/triax-dz.com\/wp-content\/uploads\/2022\/05\/visocosity-150x150.png 150w, https:\/\/triax-dz.com\/wp-content\/uploads\/2022\/05\/visocosity.png 586w\" sizes=\"(max-width: 300px) 100vw, 300px\" \/>\t\t\t\t\t\t\t\t\t\t\t<figcaption class=\"widget-image-caption wp-caption-text\">Coupe de mesure de la viscosit\u00e9 des encres liquides<\/figcaption>\n\t\t\t\t\t\t\t\t\t\t<\/figure>\n\t\t\t\t\t\t\t\t\t<\/div>\n\t\t\t\t<\/div>\n\t\t\t\t\t<\/div>\n\t\t<\/div>\n\t\t\t\t<div class=\"elementor-column elementor-col-33 elementor-top-column elementor-element elementor-element-711e76c\" data-id=\"711e76c\" data-element_type=\"column\">\n\t\t\t<div class=\"elementor-widget-wrap elementor-element-populated\">\n\t\t\t\t\t\t\t\t<div class=\"elementor-element elementor-element-001e855 elementor-widget elementor-widget-image\" data-id=\"001e855\" data-element_type=\"widget\" data-widget_type=\"image.default\">\n\t\t\t\t<div class=\"elementor-widget-container\">\n\t\t\t\t\t\t\t\t\t\t\t\t<figure class=\"wp-caption\">\n\t\t\t\t\t\t\t\t\t\t<img width=\"300\" height=\"300\" src=\"https:\/\/triax-dz.com\/wp-content\/uploads\/2022\/05\/Ph-metre-300x300.png\" class=\"attachment-medium size-medium\" alt=\"\" loading=\"lazy\" srcset=\"https:\/\/triax-dz.com\/wp-content\/uploads\/2022\/05\/Ph-metre-300x300.png 300w, https:\/\/triax-dz.com\/wp-content\/uploads\/2022\/05\/Ph-metre-150x150.png 150w, https:\/\/triax-dz.com\/wp-content\/uploads\/2022\/05\/Ph-metre.png 565w\" sizes=\"(max-width: 300px) 100vw, 300px\" \/>\t\t\t\t\t\t\t\t\t\t\t<figcaption class=\"widget-image-caption wp-caption-text\">pH-m\u00e8tres pour le contr\u00f4le du pH des encres \u00e0 eau<\/figcaption>\n\t\t\t\t\t\t\t\t\t\t<\/figure>\n\t\t\t\t\t\t\t\t\t<\/div>\n\t\t\t\t<\/div>\n\t\t\t\t\t<\/div>\n\t\t<\/div>\n\t\t\t\t<div class=\"elementor-column elementor-col-33 elementor-top-column elementor-element elementor-element-17a47d8\" data-id=\"17a47d8\" data-element_type=\"column\">\n\t\t\t<div class=\"elementor-widget-wrap elementor-element-populated\">\n\t\t\t\t\t\t\t\t<div class=\"elementor-element elementor-element-eceb5b5 elementor-widget elementor-widget-image\" data-id=\"eceb5b5\" data-element_type=\"widget\" data-widget_type=\"image.default\">\n\t\t\t\t<div class=\"elementor-widget-container\">\n\t\t\t\t\t\t\t\t\t\t\t\t<figure class=\"wp-caption\">\n\t\t\t\t\t\t\t\t\t\t<img width=\"300\" height=\"300\" src=\"https:\/\/triax-dz.com\/wp-content\/uploads\/2022\/06\/hand-proofer-300x300.jpg\" class=\"attachment-medium size-medium\" alt=\"\" loading=\"lazy\" srcset=\"https:\/\/triax-dz.com\/wp-content\/uploads\/2022\/06\/hand-proofer-300x300.jpg 300w, https:\/\/triax-dz.com\/wp-content\/uploads\/2022\/06\/hand-proofer-150x150.jpg 150w, https:\/\/triax-dz.com\/wp-content\/uploads\/2022\/06\/hand-proofer-768x769.jpg 768w, https:\/\/triax-dz.com\/wp-content\/uploads\/2022\/06\/hand-proofer.jpg 956w\" sizes=\"(max-width: 300px) 100vw, 300px\" \/>\t\t\t\t\t\t\t\t\t\t\t<figcaption class=\"widget-image-caption wp-caption-text\">Applicateur d'encre test<\/figcaption>\n\t\t\t\t\t\t\t\t\t\t<\/figure>\n\t\t\t\t\t\t\t\t\t<\/div>\n\t\t\t\t<\/div>\n\t\t\t\t\t<\/div>\n\t\t<\/div>\n\t\t\t\t\t\t\t<\/div>\n\t\t<\/section>\n\t\t\t\t<section class=\"elementor-section elementor-top-section elementor-element elementor-element-9e99b5d elementor-section-boxed elementor-section-height-default elementor-section-height-default\" data-id=\"9e99b5d\" data-element_type=\"section\">\n\t\t\t\t\t\t<div class=\"elementor-container elementor-column-gap-default\">\n\t\t\t\t\t<div class=\"elementor-column elementor-col-33 elementor-top-column elementor-element elementor-element-1338503\" data-id=\"1338503\" data-element_type=\"column\">\n\t\t\t<div class=\"elementor-widget-wrap elementor-element-populated\">\n\t\t\t\t\t\t\t\t<div class=\"elementor-element elementor-element-d61374e elementor-widget elementor-widget-image\" data-id=\"d61374e\" data-element_type=\"widget\" data-widget_type=\"image.default\">\n\t\t\t\t<div class=\"elementor-widget-container\">\n\t\t\t\t\t\t\t\t\t\t\t\t<figure class=\"wp-caption\">\n\t\t\t\t\t\t\t\t\t\t<img width=\"300\" height=\"300\" src=\"https:\/\/triax-dz.com\/wp-content\/uploads\/2022\/06\/K-Bar-Ink-300x300.jpg\" class=\"attachment-medium size-medium\" alt=\"\" loading=\"lazy\" srcset=\"https:\/\/triax-dz.com\/wp-content\/uploads\/2022\/06\/K-Bar-Ink-300x300.jpg 300w, https:\/\/triax-dz.com\/wp-content\/uploads\/2022\/06\/K-Bar-Ink-150x150.jpg 150w, https:\/\/triax-dz.com\/wp-content\/uploads\/2022\/06\/K-Bar-Ink-768x768.jpg 768w, https:\/\/triax-dz.com\/wp-content\/uploads\/2022\/06\/K-Bar-Ink.jpg 800w\" sizes=\"(max-width: 300px) 100vw, 300px\" \/>\t\t\t\t\t\t\t\t\t\t\t<figcaption class=\"widget-image-caption wp-caption-text\">Bars d'application de l'encre test<\/figcaption>\n\t\t\t\t\t\t\t\t\t\t<\/figure>\n\t\t\t\t\t\t\t\t\t<\/div>\n\t\t\t\t<\/div>\n\t\t\t\t\t<\/div>\n\t\t<\/div>\n\t\t\t\t<div class=\"elementor-column elementor-col-33 elementor-top-column elementor-element elementor-element-7eb447e\" data-id=\"7eb447e\" data-element_type=\"column\">\n\t\t\t<div class=\"elementor-widget-wrap elementor-element-populated\">\n\t\t\t\t\t\t\t\t<div class=\"elementor-element elementor-element-bf75d28 elementor-widget elementor-widget-image\" data-id=\"bf75d28\" data-element_type=\"widget\" data-widget_type=\"image.default\">\n\t\t\t\t<div class=\"elementor-widget-container\">\n\t\t\t\t\t\t\t\t\t\t\t\t\t\t\t<img src=\"https:\/\/triax-dz.com\/wp-content\/plugins\/elementor\/assets\/images\/placeholder.png\" title=\"\" alt=\"\" \/>\t\t\t\t\t\t\t\t\t\t\t\t\t\t\t<\/div>\n\t\t\t\t<\/div>\n\t\t\t\t\t<\/div>\n\t\t<\/div>\n\t\t\t\t<div class=\"elementor-column elementor-col-33 elementor-top-column elementor-element elementor-element-c16c55f\" data-id=\"c16c55f\" data-element_type=\"column\">\n\t\t\t<div class=\"elementor-widget-wrap elementor-element-populated\">\n\t\t\t\t\t\t\t\t<div class=\"elementor-element elementor-element-ed514ba elementor-widget elementor-widget-image\" data-id=\"ed514ba\" data-element_type=\"widget\" data-widget_type=\"image.default\">\n\t\t\t\t<div class=\"elementor-widget-container\">\n\t\t\t\t\t\t\t\t\t\t\t\t\t\t\t<img src=\"https:\/\/triax-dz.com\/wp-content\/plugins\/elementor\/assets\/images\/placeholder.png\" title=\"\" alt=\"\" \/>\t\t\t\t\t\t\t\t\t\t\t\t\t\t\t<\/div>\n\t\t\t\t<\/div>\n\t\t\t\t\t<\/div>\n\t\t<\/div>\n\t\t\t\t\t\t\t<\/div>\n\t\t<\/section>\n\t\t\t\t\t\t\t<\/div>\n\t\t","protected":false},"excerpt":{"rendered":"<p>Outils de color management et contr\u00f4le qualit\u00e9 des imprim\u00e9s Syst\u00e8me d&#8217;\u00e9preuvage avec une pr\u00e9cision de 99 % du nuancier PANTONE couch\u00e9 Outils pour la calibration des \u00e9crans et des imprimantes Spectrodensitom\u00e8tre pour le contr\u00f4le des imprim\u00e9s Cabine lumi\u00e8re pour le contr\u00f4le de la couleur en \u00e9clairage normalis\u00e9 Logiciel de contr\u00f4le des processus pour les flux [&hellip;]<\/p>\n","protected":false},"author":1,"featured_media":0,"parent":0,"menu_order":0,"comment_status":"closed","ping_status":"closed","template":"","meta":[],"_links":{"self":[{"href":"https:\/\/triax-dz.com\/index.php\/wp-json\/wp\/v2\/pages\/6"}],"collection":[{"href":"https:\/\/triax-dz.com\/index.php\/wp-json\/wp\/v2\/pages"}],"about":[{"href":"https:\/\/triax-dz.com\/index.php\/wp-json\/wp\/v2\/types\/page"}],"author":[{"embeddable":true,"href":"https:\/\/triax-dz.com\/index.php\/wp-json\/wp\/v2\/users\/1"}],"replies":[{"embeddable":true,"href":"https:\/\/triax-dz.com\/index.php\/wp-json\/wp\/v2\/comments?post=6"}],"version-history":[{"count":114,"href":"https:\/\/triax-dz.com\/index.php\/wp-json\/wp\/v2\/pages\/6\/revisions"}],"predecessor-version":[{"id":388,"href":"https:\/\/triax-dz.com\/index.php\/wp-json\/wp\/v2\/pages\/6\/revisions\/388"}],"wp:attachment":[{"href":"https:\/\/triax-dz.com\/index.php\/wp-json\/wp\/v2\/media?parent=6"}],"curies":[{"name":"wp","href":"https:\/\/api.w.org\/{rel}","templated":true}]}}